{"id":1085,"date":"2022-03-25T20:36:05","date_gmt":"2022-03-25T19:36:05","guid":{"rendered":"https:\/\/www.tmlaerospace.com\/?page_id=1085"},"modified":"2025-07-30T12:15:13","modified_gmt":"2025-07-30T10:15:13","slug":"materiaux-employes","status":"publish","type":"page","link":"https:\/\/www.tmlaerospace.com\/fr\/materiaux-employes\/","title":{"rendered":"Mat\u00e9riaux"},"content":{"rendered":"<p>[et_pb_section bb_built=\u00a0\u00bb1&Prime; fullwidth=\u00a0\u00bbon\u00a0\u00bb specialty=\u00a0\u00bboff\u00a0\u00bb next_background_color=\u00a0\u00bb#ffffff\u00a0\u00bb _builder_version=\u00a0\u00bb4.8.1&Prime; background_image=\u00a0\u00bbhttps:\/\/www.tmlaerospace.com\/wp-content\/uploads\/aircraft-1813731_1920-1.jpg\u00a0\u00bb box_shadow_horizontal_tablet=\u00a0\u00bb0px\u00a0\u00bb box_shadow_vertical_tablet=\u00a0\u00bb0px\u00a0\u00bb box_shadow_blur_tablet=\u00a0\u00bb40px\u00a0\u00bb box_shadow_spread_tablet=\u00a0\u00bb0px\u00a0\u00bb vertical_offset_tablet=\u00a0\u00bb0&Prime; horizontal_offset_tablet=\u00a0\u00bb0&Prime;][et_pb_fullwidth_header _builder_version=\u00a0\u00bb4.8.1&Prime; title=\u00a0\u00bbMat\u00e9riaux employ\u00e9s \u00a0\u00bb text_orientation=\u00a0\u00bbright\u00a0\u00bb box_shadow_horizontal_image_tablet=\u00a0\u00bb0px\u00a0\u00bb box_shadow_vertical_image_tablet=\u00a0\u00bb0px\u00a0\u00bb box_shadow_blur_image_tablet=\u00a0\u00bb40px\u00a0\u00bb box_shadow_spread_image_tablet=\u00a0\u00bb0px\u00a0\u00bb text_shadow_horizontal_length=\u00a0\u00bbtext_shadow_style,%91object Object%93&Prime; text_shadow_horizontal_length_tablet=\u00a0\u00bb0px\u00a0\u00bb text_shadow_vertical_length=\u00a0\u00bbtext_shadow_style,%91object Object%93&Prime; text_shadow_vertical_length_tablet=\u00a0\u00bb0px\u00a0\u00bb text_shadow_blur_strength=\u00a0\u00bbtext_shadow_style,%91object Object%93&Prime; text_shadow_blur_strength_tablet=\u00a0\u00bb1px\u00a0\u00bb title_text_shadow_horizontal_length=\u00a0\u00bbtitle_text_shadow_style,%91object Object%93&Prime; title_text_shadow_horizontal_length_tablet=\u00a0\u00bb0px\u00a0\u00bb title_text_shadow_vertical_length=\u00a0\u00bbtitle_text_shadow_style,%91object Object%93&Prime; title_text_shadow_vertical_length_tablet=\u00a0\u00bb0px\u00a0\u00bb title_text_shadow_blur_strength=\u00a0\u00bbtitle_text_shadow_style,%91object Object%93&Prime; title_text_shadow_blur_strength_tablet=\u00a0\u00bb1px\u00a0\u00bb content_text_shadow_horizontal_length=\u00a0\u00bbcontent_text_shadow_style,%91object Object%93&Prime; content_text_shadow_horizontal_length_tablet=\u00a0\u00bb0px\u00a0\u00bb content_text_shadow_vertical_length=\u00a0\u00bbcontent_text_shadow_style,%91object Object%93&Prime; content_text_shadow_vertical_length_tablet=\u00a0\u00bb0px\u00a0\u00bb content_text_shadow_blur_strength=\u00a0\u00bbcontent_text_shadow_style,%91object Object%93&Prime; content_text_shadow_blur_strength_tablet=\u00a0\u00bb1px\u00a0\u00bb content_link_text_shadow_horizontal_length=\u00a0\u00bbcontent_link_text_shadow_style,%91object Object%93&Prime; content_link_text_shadow_horizontal_length_tablet=\u00a0\u00bb0px\u00a0\u00bb content_link_text_shadow_vertical_length=\u00a0\u00bbcontent_link_text_shadow_style,%91object Object%93&Prime; content_link_text_shadow_vertical_length_tablet=\u00a0\u00bb0px\u00a0\u00bb content_link_text_shadow_blur_strength=\u00a0\u00bbcontent_link_text_shadow_style,%91object Object%93&Prime; content_link_text_shadow_blur_strength_tablet=\u00a0\u00bb1px\u00a0\u00bb content_ul_text_shadow_horizontal_length=\u00a0\u00bbcontent_ul_text_shadow_style,%91object Object%93&Prime; content_ul_text_shadow_horizontal_length_tablet=\u00a0\u00bb0px\u00a0\u00bb content_ul_text_shadow_vertical_length=\u00a0\u00bbcontent_ul_text_shadow_style,%91object Object%93&Prime; content_ul_text_shadow_vertical_length_tablet=\u00a0\u00bb0px\u00a0\u00bb content_ul_text_shadow_blur_strength=\u00a0\u00bbcontent_ul_text_shadow_style,%91object Object%93&Prime; content_ul_text_shadow_blur_strength_tablet=\u00a0\u00bb1px\u00a0\u00bb content_ol_text_shadow_horizontal_length=\u00a0\u00bbcontent_ol_text_shadow_style,%91object Object%93&Prime; content_ol_text_shadow_horizontal_length_tablet=\u00a0\u00bb0px\u00a0\u00bb content_ol_text_shadow_vertical_length=\u00a0\u00bbcontent_ol_text_shadow_style,%91object Object%93&Prime; content_ol_text_shadow_vertical_length_tablet=\u00a0\u00bb0px\u00a0\u00bb content_ol_text_shadow_blur_strength=\u00a0\u00bbcontent_ol_text_shadow_style,%91object Object%93&Prime; content_ol_text_shadow_blur_strength_tablet=\u00a0\u00bb1px\u00a0\u00bb content_quote_text_shadow_horizontal_length=\u00a0\u00bbcontent_quote_text_shadow_style,%91object Object%93&Prime; content_quote_text_shadow_horizontal_length_tablet=\u00a0\u00bb0px\u00a0\u00bb content_quote_text_shadow_vertical_length=\u00a0\u00bbcontent_quote_text_shadow_style,%91object Object%93&Prime; content_quote_text_shadow_vertical_length_tablet=\u00a0\u00bb0px\u00a0\u00bb content_quote_text_shadow_blur_strength=\u00a0\u00bbcontent_quote_text_shadow_style,%91object Object%93&Prime; content_quote_text_shadow_blur_strength_tablet=\u00a0\u00bb1px\u00a0\u00bb subhead_text_shadow_horizontal_length=\u00a0\u00bbsubhead_text_shadow_style,%91object Object%93&Prime; subhead_text_shadow_horizontal_length_tablet=\u00a0\u00bb0px\u00a0\u00bb subhead_text_shadow_vertical_length=\u00a0\u00bbsubhead_text_shadow_style,%91object Object%93&Prime; subhead_text_shadow_vertical_length_tablet=\u00a0\u00bb0px\u00a0\u00bb subhead_text_shadow_blur_strength=\u00a0\u00bbsubhead_text_shadow_style,%91object Object%93&Prime; subhead_text_shadow_blur_strength_tablet=\u00a0\u00bb1px\u00a0\u00bb button_one_text_shadow_horizontal_length=\u00a0\u00bbbutton_one_text_shadow_style,%91object Object%93&Prime; button_one_text_shadow_horizontal_length_tablet=\u00a0\u00bb0px\u00a0\u00bb button_one_text_shadow_vertical_length=\u00a0\u00bbbutton_one_text_shadow_style,%91object Object%93&Prime; button_one_text_shadow_vertical_length_tablet=\u00a0\u00bb0px\u00a0\u00bb button_one_text_shadow_blur_strength=\u00a0\u00bbbutton_one_text_shadow_style,%91object Object%93&Prime; button_one_text_shadow_blur_strength_tablet=\u00a0\u00bb1px\u00a0\u00bb box_shadow_horizontal_button_one_tablet=\u00a0\u00bb0px\u00a0\u00bb box_shadow_vertical_button_one_tablet=\u00a0\u00bb0px\u00a0\u00bb box_shadow_blur_button_one_tablet=\u00a0\u00bb40px\u00a0\u00bb box_shadow_spread_button_one_tablet=\u00a0\u00bb0px\u00a0\u00bb button_two_text_shadow_horizontal_length=\u00a0\u00bbbutton_two_text_shadow_style,%91object Object%93&Prime; button_two_text_shadow_horizontal_length_tablet=\u00a0\u00bb0px\u00a0\u00bb button_two_text_shadow_vertical_length=\u00a0\u00bbbutton_two_text_shadow_style,%91object Object%93&Prime; button_two_text_shadow_vertical_length_tablet=\u00a0\u00bb0px\u00a0\u00bb button_two_text_shadow_blur_strength=\u00a0\u00bbbutton_two_text_shadow_style,%91object Object%93&Prime; button_two_text_shadow_blur_strength_tablet=\u00a0\u00bb1px\u00a0\u00bb box_shadow_horizontal_button_two_tablet=\u00a0\u00bb0px\u00a0\u00bb box_shadow_vertical_button_two_tablet=\u00a0\u00bb0px\u00a0\u00bb box_shadow_blur_button_two_tablet=\u00a0\u00bb40px\u00a0\u00bb box_shadow_spread_button_two_tablet=\u00a0\u00bb0px\u00a0\u00bb box_shadow_horizontal_tablet=\u00a0\u00bb0px\u00a0\u00bb box_shadow_vertical_tablet=\u00a0\u00bb0px\u00a0\u00bb box_shadow_blur_tablet=\u00a0\u00bb40px\u00a0\u00bb box_shadow_spread_tablet=\u00a0\u00bb0px\u00a0\u00bb vertical_offset_tablet=\u00a0\u00bb0&Prime; horizontal_offset_tablet=\u00a0\u00bb0&Prime; z_index_tablet=\u00a0\u00bb0&Prime; \/][\/et_pb_section][et_pb_section bb_built=\u00a0\u00bb1&Prime; inner_width=\u00a0\u00bb90%\u00a0\u00bb inner_max_width=\u00a0\u00bb1200px\u00a0\u00bb prev_background_color=\u00a0\u00bb#000000&Prime;][et_pb_row][et_pb_column type=\u00a0\u00bb4_4&Prime; custom_padding__hover=\u00a0\u00bb|||\u00a0\u00bb custom_padding=\u00a0\u00bb|||\u00a0\u00bb][et_pb_text _builder_version=\u00a0\u00bb4.8.1&Prime; text_text_shadow_horizontal_length=\u00a0\u00bbtext_text_shadow_style,%91object Object%93&Prime; text_text_shadow_horizontal_length_tablet=\u00a0\u00bb0px\u00a0\u00bb text_text_shadow_vertical_length=\u00a0\u00bbtext_text_shadow_style,%91object Object%93&Prime; text_text_shadow_vertical_length_tablet=\u00a0\u00bb0px\u00a0\u00bb text_text_shadow_blur_strength=\u00a0\u00bbtext_text_shadow_style,%91object Object%93&Prime; text_text_shadow_blur_strength_tablet=\u00a0\u00bb1px\u00a0\u00bb link_text_shadow_horizontal_length=\u00a0\u00bblink_text_shadow_style,%91object Object%93&Prime; link_text_shadow_horizontal_length_tablet=\u00a0\u00bb0px\u00a0\u00bb link_text_shadow_vertical_length=\u00a0\u00bblink_text_shadow_style,%91object Object%93&Prime; link_text_shadow_vertical_length_tablet=\u00a0\u00bb0px\u00a0\u00bb link_text_shadow_blur_strength=\u00a0\u00bblink_text_shadow_style,%91object Object%93&Prime; link_text_shadow_blur_strength_tablet=\u00a0\u00bb1px\u00a0\u00bb ul_text_shadow_horizontal_length=\u00a0\u00bbul_text_shadow_style,%91object Object%93&Prime; ul_text_shadow_horizontal_length_tablet=\u00a0\u00bb0px\u00a0\u00bb ul_text_shadow_vertical_length=\u00a0\u00bbul_text_shadow_style,%91object Object%93&Prime; ul_text_shadow_vertical_length_tablet=\u00a0\u00bb0px\u00a0\u00bb ul_text_shadow_blur_strength=\u00a0\u00bbul_text_shadow_style,%91object Object%93&Prime; ul_text_shadow_blur_strength_tablet=\u00a0\u00bb1px\u00a0\u00bb ol_text_shadow_horizontal_length=\u00a0\u00bbol_text_shadow_style,%91object Object%93&Prime; ol_text_shadow_horizontal_length_tablet=\u00a0\u00bb0px\u00a0\u00bb ol_text_shadow_vertical_length=\u00a0\u00bbol_text_shadow_style,%91object Object%93&Prime; ol_text_shadow_vertical_length_tablet=\u00a0\u00bb0px\u00a0\u00bb ol_text_shadow_blur_strength=\u00a0\u00bbol_text_shadow_style,%91object Object%93&Prime; ol_text_shadow_blur_strength_tablet=\u00a0\u00bb1px\u00a0\u00bb quote_text_shadow_horizontal_length=\u00a0\u00bbquote_text_shadow_style,%91object Object%93&Prime; quote_text_shadow_horizontal_length_tablet=\u00a0\u00bb0px\u00a0\u00bb quote_text_shadow_vertical_length=\u00a0\u00bbquote_text_shadow_style,%91object Object%93&Prime; quote_text_shadow_vertical_length_tablet=\u00a0\u00bb0px\u00a0\u00bb quote_text_shadow_blur_strength=\u00a0\u00bbquote_text_shadow_style,%91object Object%93&Prime; quote_text_shadow_blur_strength_tablet=\u00a0\u00bb1px\u00a0\u00bb header_text_shadow_horizontal_length=\u00a0\u00bbheader_text_shadow_style,%91object Object%93&Prime; header_text_shadow_horizontal_length_tablet=\u00a0\u00bb0px\u00a0\u00bb header_text_shadow_vertical_length=\u00a0\u00bbheader_text_shadow_style,%91object Object%93&Prime; header_text_shadow_vertical_length_tablet=\u00a0\u00bb0px\u00a0\u00bb header_text_shadow_blur_strength=\u00a0\u00bbheader_text_shadow_style,%91object Object%93&Prime; header_text_shadow_blur_strength_tablet=\u00a0\u00bb1px\u00a0\u00bb header_2_text_shadow_horizontal_length=\u00a0\u00bbheader_2_text_shadow_style,%91object Object%93&Prime; header_2_text_shadow_horizontal_length_tablet=\u00a0\u00bb0px\u00a0\u00bb header_2_text_shadow_vertical_length=\u00a0\u00bbheader_2_text_shadow_style,%91object Object%93&Prime; header_2_text_shadow_vertical_length_tablet=\u00a0\u00bb0px\u00a0\u00bb header_2_text_shadow_blur_strength=\u00a0\u00bbheader_2_text_shadow_style,%91object Object%93&Prime; header_2_text_shadow_blur_strength_tablet=\u00a0\u00bb1px\u00a0\u00bb header_3_text_shadow_horizontal_length=\u00a0\u00bbheader_3_text_shadow_style,%91object Object%93&Prime; header_3_text_shadow_horizontal_length_tablet=\u00a0\u00bb0px\u00a0\u00bb header_3_text_shadow_vertical_length=\u00a0\u00bbheader_3_text_shadow_style,%91object Object%93&Prime; header_3_text_shadow_vertical_length_tablet=\u00a0\u00bb0px\u00a0\u00bb header_3_text_shadow_blur_strength=\u00a0\u00bbheader_3_text_shadow_style,%91object Object%93&Prime; header_3_text_shadow_blur_strength_tablet=\u00a0\u00bb1px\u00a0\u00bb header_4_text_shadow_horizontal_length=\u00a0\u00bbheader_4_text_shadow_style,%91object Object%93&Prime; header_4_text_shadow_horizontal_length_tablet=\u00a0\u00bb0px\u00a0\u00bb header_4_text_shadow_vertical_length=\u00a0\u00bbheader_4_text_shadow_style,%91object Object%93&Prime; header_4_text_shadow_vertical_length_tablet=\u00a0\u00bb0px\u00a0\u00bb header_4_text_shadow_blur_strength=\u00a0\u00bbheader_4_text_shadow_style,%91object Object%93&Prime; header_4_text_shadow_blur_strength_tablet=\u00a0\u00bb1px\u00a0\u00bb header_5_text_shadow_horizontal_length=\u00a0\u00bbheader_5_text_shadow_style,%91object Object%93&Prime; header_5_text_shadow_horizontal_length_tablet=\u00a0\u00bb0px\u00a0\u00bb header_5_text_shadow_vertical_length=\u00a0\u00bbheader_5_text_shadow_style,%91object Object%93&Prime; header_5_text_shadow_vertical_length_tablet=\u00a0\u00bb0px\u00a0\u00bb header_5_text_shadow_blur_strength=\u00a0\u00bbheader_5_text_shadow_style,%91object Object%93&Prime; header_5_text_shadow_blur_strength_tablet=\u00a0\u00bb1px\u00a0\u00bb header_6_text_shadow_horizontal_length=\u00a0\u00bbheader_6_text_shadow_style,%91object Object%93&Prime; header_6_text_shadow_horizontal_length_tablet=\u00a0\u00bb0px\u00a0\u00bb header_6_text_shadow_vertical_length=\u00a0\u00bbheader_6_text_shadow_style,%91object Object%93&Prime; header_6_text_shadow_vertical_length_tablet=\u00a0\u00bb0px\u00a0\u00bb header_6_text_shadow_blur_strength=\u00a0\u00bbheader_6_text_shadow_style,%91object Object%93&Prime; header_6_text_shadow_blur_strength_tablet=\u00a0\u00bb1px\u00a0\u00bb box_shadow_horizontal_tablet=\u00a0\u00bb0px\u00a0\u00bb box_shadow_vertical_tablet=\u00a0\u00bb0px\u00a0\u00bb box_shadow_blur_tablet=\u00a0\u00bb40px\u00a0\u00bb box_shadow_spread_tablet=\u00a0\u00bb0px\u00a0\u00bb vertical_offset_tablet=\u00a0\u00bb0&Prime; horizontal_offset_tablet=\u00a0\u00bb0&Prime; z_index_tablet=\u00a0\u00bb0&Prime;]<\/p>\n<p>Parmi la vari\u00e9t\u00e9 de mat\u00e9riaux employ\u00e9s sous forme de barres et billettes \u00e9tir\u00e9es ou extrud\u00e9es, de fonderie, de forgeage et de t\u00f4les, nous pouvons d\u00e9tailler les suivants:<\/p>\n<ul>\n<li>Aciers au carbone ou faiblement alli\u00e9s<\/li>\n<li>Fonte (grise ou sph\u00e9ro\u00efdale)<\/li>\n<li>Aciers inoxydables (aust\u00e9nitiques, martensitiques , \u00e0 haute r\u00e9sistance)<\/li>\n<li>Aciers maraging<\/li>\n<li>Alliages d&rsquo;aluminium \u00e0 la fois comme \u00e9bauches de coul\u00e9e\/forge et extrud\u00e9s ou \u00e9tir\u00e9s<\/li>\n<li>Cuivre et ses alliages<\/li>\n<li>Titane (grade 5) en barres et plaques<\/li>\n<li>Magn\u00e9sium (alli\u00e9 de zinc)<\/li>\n<li>Alliages de nickel (Inconel, Hastelloy, Nimonic et ainsi de suite)<\/li>\n<li>Alliages \u00e0 base de cobalt (tels que Carpenter L605)<\/li>\n<li>Mat\u00e9riaux plastiques (extrud\u00e9s ou fritt\u00e9s (Vespel, Delrin100, Nylon6, Teflon PTFE et ainsi de suite)<\/li>\n<\/ul>\n<p>[\/et_pb_text][\/et_pb_column][\/et_pb_row][et_pb_row][et_pb_column type=\u00a0\u00bb4_4&Prime; custom_padding__hover=\u00a0\u00bb|||\u00a0\u00bb custom_padding=\u00a0\u00bb|||\u00a0\u00bb][\/et_pb_column][\/et_pb_row][\/et_pb_section]<\/p>\n","protected":false},"excerpt":{"rendered":"<p><div class=\"et_pb_row et_pb_row_0 et_pb_row_empty\">\n\t\t\t\t\n\t\t\t\t\n\t\t\t\t\n\t\t\t\t\n\t\t\t\t\n\t\t\t<\/div> Parmi la vari\u00e9t\u00e9 de mat\u00e9riaux employ\u00e9s sous forme de barres et billettes \u00e9tir\u00e9es ou extrud\u00e9es, de fonderie, de forgeage et de t\u00f4les, nous pouvons d\u00e9tailler les suivants: Aciers au carbone ou faiblement alli\u00e9s Fonte (grise ou sph\u00e9ro\u00efdale) Aciers inoxydables (aust\u00e9nitiques, martensitiques , \u00e0 haute r\u00e9sistance) Aciers maraging Alliages d&rsquo;aluminium \u00e0 la fois comme \u00e9bauches [&hellip;]<\/p>\n","protected":false},"author":1,"featured_media":0,"parent":0,"menu_order":0,"comment_status":"closed","ping_status":"closed","template":"","meta":{"_et_pb_use_builder":"on","_et_pb_old_content":"","_et_gb_content_width":"","footnotes":""},"class_list":["post-1085","page","type-page","status-publish","hentry"],"yoast_head":"<!-- This site is optimized with the Yoast SEO plugin v27.2 - https:\/\/yoast.com\/product\/yoast-seo-wordpress\/ -->\n<title>Mat\u00e9riaux A\u00e9ronautiques Certifi\u00e9s pour Usinage de Pr\u00e9cision | T.M.L.<\/title>\n<meta name=\"description\" content=\"T.M.L. emploie des mat\u00e9riaux certifi\u00e9s a\u00e9ronautiques : acier, alliages, titane, plastiques techniques pour pi\u00e8ces de pr\u00e9cision.\" \/>\n<meta name=\"robots\" content=\"index, follow, max-snippet:-1, max-image-preview:large, max-video-preview:-1\" \/>\n<link rel=\"canonical\" href=\"https:\/\/www.tmlaerospace.com\/fr\/materiaux-employes\/\" \/>\n<meta property=\"og:locale\" content=\"fr_FR\" \/>\n<meta property=\"og:type\" content=\"article\" \/>\n<meta property=\"og:title\" content=\"Mat\u00e9riaux A\u00e9ronautiques Certifi\u00e9s pour Usinage de Pr\u00e9cision | T.M.L.\" \/>\n<meta property=\"og:description\" content=\"T.M.L. emploie des mat\u00e9riaux certifi\u00e9s a\u00e9ronautiques : acier, alliages, titane, plastiques techniques pour pi\u00e8ces de pr\u00e9cision.\" \/>\n<meta property=\"og:url\" content=\"https:\/\/www.tmlaerospace.com\/fr\/materiaux-employes\/\" \/>\n<meta property=\"og:site_name\" content=\"TML aerospace\" \/>\n<meta property=\"article:modified_time\" content=\"2025-07-30T10:15:13+00:00\" \/>\n<meta name=\"twitter:card\" content=\"summary_large_image\" \/>\n<meta name=\"twitter:label1\" content=\"Dur\u00e9e de lecture estim\u00e9e\" \/>\n\t<meta name=\"twitter:data1\" content=\"1 minute\" \/>\n<script type=\"application\/ld+json\" class=\"yoast-schema-graph\">{\"@context\":\"https:\/\/schema.org\",\"@graph\":[{\"@type\":\"WebPage\",\"@id\":\"https:\/\/www.tmlaerospace.com\/fr\/materiaux-employes\/\",\"url\":\"https:\/\/www.tmlaerospace.com\/fr\/materiaux-employes\/\",\"name\":\"Mat\u00e9riaux A\u00e9ronautiques Certifi\u00e9s pour Usinage de Pr\u00e9cision | T.M.L.\",\"isPartOf\":{\"@id\":\"https:\/\/www.tmlaerospace.com\/#website\"},\"datePublished\":\"2022-03-25T19:36:05+00:00\",\"dateModified\":\"2025-07-30T10:15:13+00:00\",\"description\":\"T.M.L. emploie des mat\u00e9riaux certifi\u00e9s a\u00e9ronautiques : acier, alliages, titane, plastiques techniques pour pi\u00e8ces de pr\u00e9cision.\",\"breadcrumb\":{\"@id\":\"https:\/\/www.tmlaerospace.com\/fr\/materiaux-employes\/#breadcrumb\"},\"inLanguage\":\"fr-FR\",\"potentialAction\":[{\"@type\":\"ReadAction\",\"target\":[\"https:\/\/www.tmlaerospace.com\/fr\/materiaux-employes\/\"]}]},{\"@type\":\"BreadcrumbList\",\"@id\":\"https:\/\/www.tmlaerospace.com\/fr\/materiaux-employes\/#breadcrumb\",\"itemListElement\":[{\"@type\":\"ListItem\",\"position\":1,\"name\":\"Home\",\"item\":\"https:\/\/www.tmlaerospace.com\/fr\/\"},{\"@type\":\"ListItem\",\"position\":2,\"name\":\"Mat\u00e9riaux\"}]},{\"@type\":\"WebSite\",\"@id\":\"https:\/\/www.tmlaerospace.com\/#website\",\"url\":\"https:\/\/www.tmlaerospace.com\/\",\"name\":\"TML aerospace\",\"description\":\"\",\"potentialAction\":[{\"@type\":\"SearchAction\",\"target\":{\"@type\":\"EntryPoint\",\"urlTemplate\":\"https:\/\/www.tmlaerospace.com\/?s={search_term_string}\"},\"query-input\":{\"@type\":\"PropertyValueSpecification\",\"valueRequired\":true,\"valueName\":\"search_term_string\"}}],\"inLanguage\":\"fr-FR\"}]}<\/script>\n<!-- \/ Yoast SEO plugin. -->","yoast_head_json":{"title":"Mat\u00e9riaux A\u00e9ronautiques Certifi\u00e9s pour Usinage de Pr\u00e9cision | T.M.L.","description":"T.M.L. emploie des mat\u00e9riaux certifi\u00e9s a\u00e9ronautiques : acier, alliages, titane, plastiques techniques pour pi\u00e8ces de pr\u00e9cision.","robots":{"index":"index","follow":"follow","max-snippet":"max-snippet:-1","max-image-preview":"max-image-preview:large","max-video-preview":"max-video-preview:-1"},"canonical":"https:\/\/www.tmlaerospace.com\/fr\/materiaux-employes\/","og_locale":"fr_FR","og_type":"article","og_title":"Mat\u00e9riaux A\u00e9ronautiques Certifi\u00e9s pour Usinage de Pr\u00e9cision | T.M.L.","og_description":"T.M.L. emploie des mat\u00e9riaux certifi\u00e9s a\u00e9ronautiques : acier, alliages, titane, plastiques techniques pour pi\u00e8ces de pr\u00e9cision.","og_url":"https:\/\/www.tmlaerospace.com\/fr\/materiaux-employes\/","og_site_name":"TML aerospace","article_modified_time":"2025-07-30T10:15:13+00:00","twitter_card":"summary_large_image","twitter_misc":{"Dur\u00e9e de lecture estim\u00e9e":"1 minute"},"schema":{"@context":"https:\/\/schema.org","@graph":[{"@type":"WebPage","@id":"https:\/\/www.tmlaerospace.com\/fr\/materiaux-employes\/","url":"https:\/\/www.tmlaerospace.com\/fr\/materiaux-employes\/","name":"Mat\u00e9riaux A\u00e9ronautiques Certifi\u00e9s pour Usinage de Pr\u00e9cision | T.M.L.","isPartOf":{"@id":"https:\/\/www.tmlaerospace.com\/#website"},"datePublished":"2022-03-25T19:36:05+00:00","dateModified":"2025-07-30T10:15:13+00:00","description":"T.M.L. emploie des mat\u00e9riaux certifi\u00e9s a\u00e9ronautiques : acier, alliages, titane, plastiques techniques pour pi\u00e8ces de pr\u00e9cision.","breadcrumb":{"@id":"https:\/\/www.tmlaerospace.com\/fr\/materiaux-employes\/#breadcrumb"},"inLanguage":"fr-FR","potentialAction":[{"@type":"ReadAction","target":["https:\/\/www.tmlaerospace.com\/fr\/materiaux-employes\/"]}]},{"@type":"BreadcrumbList","@id":"https:\/\/www.tmlaerospace.com\/fr\/materiaux-employes\/#breadcrumb","itemListElement":[{"@type":"ListItem","position":1,"name":"Home","item":"https:\/\/www.tmlaerospace.com\/fr\/"},{"@type":"ListItem","position":2,"name":"Mat\u00e9riaux"}]},{"@type":"WebSite","@id":"https:\/\/www.tmlaerospace.com\/#website","url":"https:\/\/www.tmlaerospace.com\/","name":"TML aerospace","description":"","potentialAction":[{"@type":"SearchAction","target":{"@type":"EntryPoint","urlTemplate":"https:\/\/www.tmlaerospace.com\/?s={search_term_string}"},"query-input":{"@type":"PropertyValueSpecification","valueRequired":true,"valueName":"search_term_string"}}],"inLanguage":"fr-FR"}]}},"_links":{"self":[{"href":"https:\/\/www.tmlaerospace.com\/fr\/wp-json\/wp\/v2\/pages\/1085","targetHints":{"allow":["GET"]}}],"collection":[{"href":"https:\/\/www.tmlaerospace.com\/fr\/wp-json\/wp\/v2\/pages"}],"about":[{"href":"https:\/\/www.tmlaerospace.com\/fr\/wp-json\/wp\/v2\/types\/page"}],"author":[{"embeddable":true,"href":"https:\/\/www.tmlaerospace.com\/fr\/wp-json\/wp\/v2\/users\/1"}],"replies":[{"embeddable":true,"href":"https:\/\/www.tmlaerospace.com\/fr\/wp-json\/wp\/v2\/comments?post=1085"}],"version-history":[{"count":4,"href":"https:\/\/www.tmlaerospace.com\/fr\/wp-json\/wp\/v2\/pages\/1085\/revisions"}],"predecessor-version":[{"id":1149,"href":"https:\/\/www.tmlaerospace.com\/fr\/wp-json\/wp\/v2\/pages\/1085\/revisions\/1149"}],"wp:attachment":[{"href":"https:\/\/www.tmlaerospace.com\/fr\/wp-json\/wp\/v2\/media?parent=1085"}],"curies":[{"name":"wp","href":"https:\/\/api.w.org\/{rel}","templated":true}]}}