{"id":1071,"date":"2022-03-25T20:26:26","date_gmt":"2022-03-25T19:26:26","guid":{"rendered":"https:\/\/www.tmlaerospace.com\/?page_id=1071"},"modified":"2025-07-30T12:14:08","modified_gmt":"2025-07-30T10:14:08","slug":"la-technologie","status":"publish","type":"page","link":"https:\/\/www.tmlaerospace.com\/fr\/la-technologie\/","title":{"rendered":"Technologie"},"content":{"rendered":"<p>[et_pb_section bb_built=\u00a0\u00bb1&Prime; fullwidth=\u00a0\u00bbon\u00a0\u00bb specialty=\u00a0\u00bboff\u00a0\u00bb next_background_color=\u00a0\u00bb#ffffff\u00a0\u00bb _builder_version=\u00a0\u00bb4.8.1&Prime; background_image=\u00a0\u00bbhttps:\/\/www.tmlaerospace.com\/wp-content\/uploads\/aircraft-67566_1920-1.jpg\u00a0\u00bb box_shadow_horizontal_tablet=\u00a0\u00bb0px\u00a0\u00bb box_shadow_vertical_tablet=\u00a0\u00bb0px\u00a0\u00bb box_shadow_blur_tablet=\u00a0\u00bb40px\u00a0\u00bb box_shadow_spread_tablet=\u00a0\u00bb0px\u00a0\u00bb vertical_offset_tablet=\u00a0\u00bb0&Prime; horizontal_offset_tablet=\u00a0\u00bb0&Prime;][et_pb_fullwidth_header _builder_version=\u00a0\u00bb4.8.1&Prime; title=\u00a0\u00bbLa technologie\u00a0\u00bb text_orientation=\u00a0\u00bbright\u00a0\u00bb box_shadow_horizontal_image_tablet=\u00a0\u00bb0px\u00a0\u00bb box_shadow_vertical_image_tablet=\u00a0\u00bb0px\u00a0\u00bb box_shadow_blur_image_tablet=\u00a0\u00bb40px\u00a0\u00bb box_shadow_spread_image_tablet=\u00a0\u00bb0px\u00a0\u00bb text_shadow_horizontal_length=\u00a0\u00bbtext_shadow_style,%91object Object%93&Prime; text_shadow_horizontal_length_tablet=\u00a0\u00bb0px\u00a0\u00bb text_shadow_vertical_length=\u00a0\u00bbtext_shadow_style,%91object Object%93&Prime; text_shadow_vertical_length_tablet=\u00a0\u00bb0px\u00a0\u00bb text_shadow_blur_strength=\u00a0\u00bbtext_shadow_style,%91object Object%93&Prime; text_shadow_blur_strength_tablet=\u00a0\u00bb1px\u00a0\u00bb title_text_shadow_horizontal_length=\u00a0\u00bbtitle_text_shadow_style,%91object Object%93&Prime; title_text_shadow_horizontal_length_tablet=\u00a0\u00bb0px\u00a0\u00bb title_text_shadow_vertical_length=\u00a0\u00bbtitle_text_shadow_style,%91object Object%93&Prime; title_text_shadow_vertical_length_tablet=\u00a0\u00bb0px\u00a0\u00bb title_text_shadow_blur_strength=\u00a0\u00bbtitle_text_shadow_style,%91object Object%93&Prime; title_text_shadow_blur_strength_tablet=\u00a0\u00bb1px\u00a0\u00bb content_text_shadow_horizontal_length=\u00a0\u00bbcontent_text_shadow_style,%91object Object%93&Prime; content_text_shadow_horizontal_length_tablet=\u00a0\u00bb0px\u00a0\u00bb content_text_shadow_vertical_length=\u00a0\u00bbcontent_text_shadow_style,%91object Object%93&Prime; content_text_shadow_vertical_length_tablet=\u00a0\u00bb0px\u00a0\u00bb content_text_shadow_blur_strength=\u00a0\u00bbcontent_text_shadow_style,%91object Object%93&Prime; content_text_shadow_blur_strength_tablet=\u00a0\u00bb1px\u00a0\u00bb content_link_text_shadow_horizontal_length=\u00a0\u00bbcontent_link_text_shadow_style,%91object Object%93&Prime; content_link_text_shadow_horizontal_length_tablet=\u00a0\u00bb0px\u00a0\u00bb content_link_text_shadow_vertical_length=\u00a0\u00bbcontent_link_text_shadow_style,%91object Object%93&Prime; content_link_text_shadow_vertical_length_tablet=\u00a0\u00bb0px\u00a0\u00bb content_link_text_shadow_blur_strength=\u00a0\u00bbcontent_link_text_shadow_style,%91object Object%93&Prime; content_link_text_shadow_blur_strength_tablet=\u00a0\u00bb1px\u00a0\u00bb content_ul_text_shadow_horizontal_length=\u00a0\u00bbcontent_ul_text_shadow_style,%91object Object%93&Prime; content_ul_text_shadow_horizontal_length_tablet=\u00a0\u00bb0px\u00a0\u00bb content_ul_text_shadow_vertical_length=\u00a0\u00bbcontent_ul_text_shadow_style,%91object Object%93&Prime; content_ul_text_shadow_vertical_length_tablet=\u00a0\u00bb0px\u00a0\u00bb content_ul_text_shadow_blur_strength=\u00a0\u00bbcontent_ul_text_shadow_style,%91object Object%93&Prime; content_ul_text_shadow_blur_strength_tablet=\u00a0\u00bb1px\u00a0\u00bb content_ol_text_shadow_horizontal_length=\u00a0\u00bbcontent_ol_text_shadow_style,%91object Object%93&Prime; content_ol_text_shadow_horizontal_length_tablet=\u00a0\u00bb0px\u00a0\u00bb content_ol_text_shadow_vertical_length=\u00a0\u00bbcontent_ol_text_shadow_style,%91object Object%93&Prime; content_ol_text_shadow_vertical_length_tablet=\u00a0\u00bb0px\u00a0\u00bb content_ol_text_shadow_blur_strength=\u00a0\u00bbcontent_ol_text_shadow_style,%91object Object%93&Prime; content_ol_text_shadow_blur_strength_tablet=\u00a0\u00bb1px\u00a0\u00bb content_quote_text_shadow_horizontal_length=\u00a0\u00bbcontent_quote_text_shadow_style,%91object Object%93&Prime; content_quote_text_shadow_horizontal_length_tablet=\u00a0\u00bb0px\u00a0\u00bb content_quote_text_shadow_vertical_length=\u00a0\u00bbcontent_quote_text_shadow_style,%91object Object%93&Prime; content_quote_text_shadow_vertical_length_tablet=\u00a0\u00bb0px\u00a0\u00bb content_quote_text_shadow_blur_strength=\u00a0\u00bbcontent_quote_text_shadow_style,%91object Object%93&Prime; content_quote_text_shadow_blur_strength_tablet=\u00a0\u00bb1px\u00a0\u00bb subhead_text_shadow_horizontal_length=\u00a0\u00bbsubhead_text_shadow_style,%91object Object%93&Prime; subhead_text_shadow_horizontal_length_tablet=\u00a0\u00bb0px\u00a0\u00bb subhead_text_shadow_vertical_length=\u00a0\u00bbsubhead_text_shadow_style,%91object Object%93&Prime; subhead_text_shadow_vertical_length_tablet=\u00a0\u00bb0px\u00a0\u00bb subhead_text_shadow_blur_strength=\u00a0\u00bbsubhead_text_shadow_style,%91object Object%93&Prime; subhead_text_shadow_blur_strength_tablet=\u00a0\u00bb1px\u00a0\u00bb button_one_text_shadow_horizontal_length=\u00a0\u00bbbutton_one_text_shadow_style,%91object Object%93&Prime; button_one_text_shadow_horizontal_length_tablet=\u00a0\u00bb0px\u00a0\u00bb button_one_text_shadow_vertical_length=\u00a0\u00bbbutton_one_text_shadow_style,%91object Object%93&Prime; button_one_text_shadow_vertical_length_tablet=\u00a0\u00bb0px\u00a0\u00bb button_one_text_shadow_blur_strength=\u00a0\u00bbbutton_one_text_shadow_style,%91object Object%93&Prime; button_one_text_shadow_blur_strength_tablet=\u00a0\u00bb1px\u00a0\u00bb box_shadow_horizontal_button_one_tablet=\u00a0\u00bb0px\u00a0\u00bb box_shadow_vertical_button_one_tablet=\u00a0\u00bb0px\u00a0\u00bb box_shadow_blur_button_one_tablet=\u00a0\u00bb40px\u00a0\u00bb box_shadow_spread_button_one_tablet=\u00a0\u00bb0px\u00a0\u00bb button_two_text_shadow_horizontal_length=\u00a0\u00bbbutton_two_text_shadow_style,%91object Object%93&Prime; button_two_text_shadow_horizontal_length_tablet=\u00a0\u00bb0px\u00a0\u00bb button_two_text_shadow_vertical_length=\u00a0\u00bbbutton_two_text_shadow_style,%91object Object%93&Prime; button_two_text_shadow_vertical_length_tablet=\u00a0\u00bb0px\u00a0\u00bb button_two_text_shadow_blur_strength=\u00a0\u00bbbutton_two_text_shadow_style,%91object Object%93&Prime; button_two_text_shadow_blur_strength_tablet=\u00a0\u00bb1px\u00a0\u00bb box_shadow_horizontal_button_two_tablet=\u00a0\u00bb0px\u00a0\u00bb box_shadow_vertical_button_two_tablet=\u00a0\u00bb0px\u00a0\u00bb box_shadow_blur_button_two_tablet=\u00a0\u00bb40px\u00a0\u00bb box_shadow_spread_button_two_tablet=\u00a0\u00bb0px\u00a0\u00bb box_shadow_horizontal_tablet=\u00a0\u00bb0px\u00a0\u00bb box_shadow_vertical_tablet=\u00a0\u00bb0px\u00a0\u00bb box_shadow_blur_tablet=\u00a0\u00bb40px\u00a0\u00bb box_shadow_spread_tablet=\u00a0\u00bb0px\u00a0\u00bb vertical_offset_tablet=\u00a0\u00bb0&Prime; horizontal_offset_tablet=\u00a0\u00bb0&Prime; z_index_tablet=\u00a0\u00bb0&Prime; \/][\/et_pb_section][et_pb_section bb_built=\u00a0\u00bb1&Prime; inner_width=\u00a0\u00bb90%\u00a0\u00bb inner_max_width=\u00a0\u00bb1200px\u00a0\u00bb prev_background_color=\u00a0\u00bb#000000&Prime;][et_pb_row][et_pb_column type=\u00a0\u00bb4_4&Prime; custom_padding__hover=\u00a0\u00bb|||\u00a0\u00bb custom_padding=\u00a0\u00bb|||\u00a0\u00bb][et_pb_text _builder_version=\u00a0\u00bb4.8.1&Prime; text_text_shadow_horizontal_length=\u00a0\u00bbtext_text_shadow_style,%91object Object%93&Prime; text_text_shadow_horizontal_length_tablet=\u00a0\u00bb0px\u00a0\u00bb text_text_shadow_vertical_length=\u00a0\u00bbtext_text_shadow_style,%91object Object%93&Prime; text_text_shadow_vertical_length_tablet=\u00a0\u00bb0px\u00a0\u00bb text_text_shadow_blur_strength=\u00a0\u00bbtext_text_shadow_style,%91object Object%93&Prime; text_text_shadow_blur_strength_tablet=\u00a0\u00bb1px\u00a0\u00bb link_text_shadow_horizontal_length=\u00a0\u00bblink_text_shadow_style,%91object Object%93&Prime; link_text_shadow_horizontal_length_tablet=\u00a0\u00bb0px\u00a0\u00bb link_text_shadow_vertical_length=\u00a0\u00bblink_text_shadow_style,%91object Object%93&Prime; link_text_shadow_vertical_length_tablet=\u00a0\u00bb0px\u00a0\u00bb link_text_shadow_blur_strength=\u00a0\u00bblink_text_shadow_style,%91object Object%93&Prime; link_text_shadow_blur_strength_tablet=\u00a0\u00bb1px\u00a0\u00bb ul_text_shadow_horizontal_length=\u00a0\u00bbul_text_shadow_style,%91object Object%93&Prime; ul_text_shadow_horizontal_length_tablet=\u00a0\u00bb0px\u00a0\u00bb ul_text_shadow_vertical_length=\u00a0\u00bbul_text_shadow_style,%91object Object%93&Prime; ul_text_shadow_vertical_length_tablet=\u00a0\u00bb0px\u00a0\u00bb ul_text_shadow_blur_strength=\u00a0\u00bbul_text_shadow_style,%91object Object%93&Prime; ul_text_shadow_blur_strength_tablet=\u00a0\u00bb1px\u00a0\u00bb ol_text_shadow_horizontal_length=\u00a0\u00bbol_text_shadow_style,%91object Object%93&Prime; ol_text_shadow_horizontal_length_tablet=\u00a0\u00bb0px\u00a0\u00bb ol_text_shadow_vertical_length=\u00a0\u00bbol_text_shadow_style,%91object Object%93&Prime; ol_text_shadow_vertical_length_tablet=\u00a0\u00bb0px\u00a0\u00bb ol_text_shadow_blur_strength=\u00a0\u00bbol_text_shadow_style,%91object Object%93&Prime; ol_text_shadow_blur_strength_tablet=\u00a0\u00bb1px\u00a0\u00bb quote_text_shadow_horizontal_length=\u00a0\u00bbquote_text_shadow_style,%91object Object%93&Prime; quote_text_shadow_horizontal_length_tablet=\u00a0\u00bb0px\u00a0\u00bb quote_text_shadow_vertical_length=\u00a0\u00bbquote_text_shadow_style,%91object Object%93&Prime; quote_text_shadow_vertical_length_tablet=\u00a0\u00bb0px\u00a0\u00bb quote_text_shadow_blur_strength=\u00a0\u00bbquote_text_shadow_style,%91object Object%93&Prime; quote_text_shadow_blur_strength_tablet=\u00a0\u00bb1px\u00a0\u00bb header_text_shadow_horizontal_length=\u00a0\u00bbheader_text_shadow_style,%91object Object%93&Prime; header_text_shadow_horizontal_length_tablet=\u00a0\u00bb0px\u00a0\u00bb header_text_shadow_vertical_length=\u00a0\u00bbheader_text_shadow_style,%91object Object%93&Prime; header_text_shadow_vertical_length_tablet=\u00a0\u00bb0px\u00a0\u00bb header_text_shadow_blur_strength=\u00a0\u00bbheader_text_shadow_style,%91object Object%93&Prime; header_text_shadow_blur_strength_tablet=\u00a0\u00bb1px\u00a0\u00bb header_2_text_shadow_horizontal_length=\u00a0\u00bbheader_2_text_shadow_style,%91object Object%93&Prime; header_2_text_shadow_horizontal_length_tablet=\u00a0\u00bb0px\u00a0\u00bb header_2_text_shadow_vertical_length=\u00a0\u00bbheader_2_text_shadow_style,%91object Object%93&Prime; header_2_text_shadow_vertical_length_tablet=\u00a0\u00bb0px\u00a0\u00bb header_2_text_shadow_blur_strength=\u00a0\u00bbheader_2_text_shadow_style,%91object Object%93&Prime; header_2_text_shadow_blur_strength_tablet=\u00a0\u00bb1px\u00a0\u00bb header_3_text_shadow_horizontal_length=\u00a0\u00bbheader_3_text_shadow_style,%91object Object%93&Prime; header_3_text_shadow_horizontal_length_tablet=\u00a0\u00bb0px\u00a0\u00bb header_3_text_shadow_vertical_length=\u00a0\u00bbheader_3_text_shadow_style,%91object Object%93&Prime; header_3_text_shadow_vertical_length_tablet=\u00a0\u00bb0px\u00a0\u00bb header_3_text_shadow_blur_strength=\u00a0\u00bbheader_3_text_shadow_style,%91object Object%93&Prime; header_3_text_shadow_blur_strength_tablet=\u00a0\u00bb1px\u00a0\u00bb header_4_text_shadow_horizontal_length=\u00a0\u00bbheader_4_text_shadow_style,%91object Object%93&Prime; header_4_text_shadow_horizontal_length_tablet=\u00a0\u00bb0px\u00a0\u00bb header_4_text_shadow_vertical_length=\u00a0\u00bbheader_4_text_shadow_style,%91object Object%93&Prime; header_4_text_shadow_vertical_length_tablet=\u00a0\u00bb0px\u00a0\u00bb header_4_text_shadow_blur_strength=\u00a0\u00bbheader_4_text_shadow_style,%91object Object%93&Prime; header_4_text_shadow_blur_strength_tablet=\u00a0\u00bb1px\u00a0\u00bb header_5_text_shadow_horizontal_length=\u00a0\u00bbheader_5_text_shadow_style,%91object Object%93&Prime; header_5_text_shadow_horizontal_length_tablet=\u00a0\u00bb0px\u00a0\u00bb header_5_text_shadow_vertical_length=\u00a0\u00bbheader_5_text_shadow_style,%91object Object%93&Prime; header_5_text_shadow_vertical_length_tablet=\u00a0\u00bb0px\u00a0\u00bb header_5_text_shadow_blur_strength=\u00a0\u00bbheader_5_text_shadow_style,%91object Object%93&Prime; header_5_text_shadow_blur_strength_tablet=\u00a0\u00bb1px\u00a0\u00bb header_6_text_shadow_horizontal_length=\u00a0\u00bbheader_6_text_shadow_style,%91object Object%93&Prime; header_6_text_shadow_horizontal_length_tablet=\u00a0\u00bb0px\u00a0\u00bb header_6_text_shadow_vertical_length=\u00a0\u00bbheader_6_text_shadow_style,%91object Object%93&Prime; header_6_text_shadow_vertical_length_tablet=\u00a0\u00bb0px\u00a0\u00bb header_6_text_shadow_blur_strength=\u00a0\u00bbheader_6_text_shadow_style,%91object Object%93&Prime; header_6_text_shadow_blur_strength_tablet=\u00a0\u00bb1px\u00a0\u00bb box_shadow_horizontal_tablet=\u00a0\u00bb0px\u00a0\u00bb box_shadow_vertical_tablet=\u00a0\u00bb0px\u00a0\u00bb box_shadow_blur_tablet=\u00a0\u00bb40px\u00a0\u00bb box_shadow_spread_tablet=\u00a0\u00bb0px\u00a0\u00bb vertical_offset_tablet=\u00a0\u00bb0&Prime; horizontal_offset_tablet=\u00a0\u00bb0&Prime; z_index_tablet=\u00a0\u00bb0&Prime;]<\/p>\n<p>Une mise \u00e0 jour continue des \u00e9quipements a \u00e9t\u00e9 associ\u00e9e \u00e0 l&rsquo;introduction d&rsquo;instruments CAD &#8211; CAM afin de r\u00e9duire les temps d&rsquo;installation et de r\u00e9duire sensiblement les d\u00e9lais d&rsquo;exp\u00e9dition.<\/p>\n<p><strong>\u00c9QUIPEMENTS DE TOURNAGE<\/strong><\/p>\n<ul>\n<li>Tour CNC MORI SEIKI SL 25 avec <strong>embarreur<\/strong> (chargeur de barres) diam\u00e8tre 60 mm : parcours d\u2019outil 430, diam\u00e8tre utilisable 260, <strong>barre de passage<\/strong> (franchissement) diam\u00e8tre 61, 12 outils ;<\/li>\n<li>Tour CNC MORI SEIKI SL 250 v sopra ;<\/li>\n<li>Tour CNC double tourelle OKUMA LCC15 avec <strong>embarreur<\/strong> diam\u00e8tre 51mm : parcours 250, diam.160 utilisable, barre de passage diam\u00e8tre 51, 12 outils ;<\/li>\n<li>Tour CNC MORI SEIKI CL 200 pour l&rsquo;usinage <strong>\u00e0 vide<\/strong> : parcours 190, utilisable diam.380, <strong>traverse<\/strong> diam\u00e8tre 51, 10 outils ;<\/li>\n<li>Tour CNC HARDINGE CONQUEST pour les op\u00e9rations de finition : parcours 250, diam.250 utilisable, 5 outils ;<\/li>\n<li>Tour CNC double broche ACT2 SP2 pour l&rsquo;usinage <strong>\u00e0 vide :<\/strong> parcours 120, diam.300 utilisable, 8 outils ;<\/li>\n<li>Tour CNC OKUMA LB-300 MW avec <strong>embarreur<\/strong> diam\u00e8tre 60 mm : parcours 320, diam.240 utilisable,<strong> barre de passage <\/strong>diam\u00e8tre 20, 12 outils ;<\/li>\n<li>MORI SEIKI NL1500 CNC : double tourelle avec 3 axes contr\u00f4l\u00e9s et <strong>embarreur<\/strong> diam\u00e8tre 51mm, parcours 350, diam.360 utilisable, <strong>barre de passage<\/strong> diam\u00e8tre 45, 12 outils ;<\/li>\n<li>HYUNDAI LV800 tour vertical avec outil motoris\u00e9. Table de travail diam\u00e8tre max 800 mm<\/li>\n<li>Tour CNC HARDINGE TALENT 51 pour les op\u00e9rations de finition<\/li>\n<\/ul>\n<p>\u00a0<\/p>\n<p><strong>\u00c9QUIPEMENTS DE FRAISAGE<\/strong><\/p>\n<ul>\n<li>Centres d&rsquo;usinage verticaux OKUMA MX-45 (ISO40) : 3 axes, 8000 tr\/min, 20 outils, parcours d&rsquo;outil X : 760 Y : 460 Z : 450 B<\/li>\n<li>CNC de fraisage MAZAK VARIAXIS I-500 5 axes<\/li>\n<li>Centre d\u2019usinage horizontal OKUMA MA40 (ISO40) avec dispositif de changement de table : Table 400&#215;400, 4 axes, 8000 tr\/min, 60 outils, parcours d&rsquo;outil X : 560 Y : 610 Z : 560 B : 360\u00b0<\/li>\n<li>Centre d&rsquo;usinage horizontal OKUMA MH40 (ISO40 \u2013 4 axes) avec dispositif de changement de table.<\/li>\n<li>MORI SEIKI TV-400 fraisage vertical, al\u00e9sage, <strong>tapotement<\/strong> (deux unit\u00e9s) : 3 axes, 8000 tr\/min, 12 outils, parcours d&rsquo;outil X : 550 Y : 400 Z : 300 B : INDEX<\/li>\n<li>Centre d&rsquo;usinage horizontal MORI SEIKI NH5000 (HSK63 \u2013 4 axes) avec dispositif de changement. Table 500&#215;500, 4 axes, 14000 RPM, 60 outils, parcours X : 630 Y : 600 Z : 6500 B : INDEX<\/li>\n<li>Centre d&rsquo;usinage horizontal MAKINO A71:210 (HSK70) avec dispositif de changement : Table 500&#215;500, 4 axes, 12000 RPM, 60 outils, parcours X : 730 Y : 730 Z : 800 B : INDEX<\/li>\n<li>Centre d&rsquo;usinage horizontal MAKINO A55 (HSK63) avec dispositif de changement Table 6300&#215;630, 4 axes, 12000 RPM, 60 outils, parcours X : 600 Y : 600 Z : 600 B : CONTINU<\/li>\n<\/ul>\n<p>\u00a0<\/p>\n<p><strong>\u00c9QUIPEMENT DE TEST DE BUSE \u00c0 HUILE<\/strong><\/p>\n<p>\u00c0 partir de 2014 T.M.L. est \u00e9quip\u00e9 d&rsquo;un banc d&rsquo;essai d\u00e9di\u00e9 aux tests de toutes les caract\u00e9ristiques des gicleurs \u00e0 huile et est \u00e9galement qualifi\u00e9 pour ce test par GE Avio Srl.<\/p>\n<p>[\/et_pb_text][\/et_pb_column][\/et_pb_row][et_pb_row][et_pb_column type=\u00a0\u00bb4_4&Prime; custom_padding__hover=\u00a0\u00bb|||\u00a0\u00bb custom_padding=\u00a0\u00bb|||\u00a0\u00bb][\/et_pb_column][\/et_pb_row][\/et_pb_section]<\/p>\n","protected":false},"excerpt":{"rendered":"<p><div class=\"et_pb_row et_pb_row_0 et_pb_row_empty\">\n\t\t\t\t\n\t\t\t\t\n\t\t\t\t\n\t\t\t\t\n\t\t\t\t\n\t\t\t<\/div> Une mise \u00e0 jour continue des \u00e9quipements a \u00e9t\u00e9 associ\u00e9e \u00e0 l&rsquo;introduction d&rsquo;instruments CAD &#8211; CAM afin de r\u00e9duire les temps d&rsquo;installation et de r\u00e9duire sensiblement les d\u00e9lais d&rsquo;exp\u00e9dition.\u00c9QUIPEMENTS DE TOURNAGETour CNC MORI SEIKI SL 25 avec embarreur (chargeur de barres) diam\u00e8tre 60 mm : parcours d\u2019outil 430, diam\u00e8tre utilisable 260, barre de passage [&hellip;]<\/p>\n","protected":false},"author":1,"featured_media":0,"parent":0,"menu_order":0,"comment_status":"closed","ping_status":"closed","template":"","meta":{"_et_pb_use_builder":"on","_et_pb_old_content":"","_et_gb_content_width":"","footnotes":""},"class_list":["post-1071","page","type-page","status-publish","hentry"],"yoast_head":"<!-- This site is optimized with the Yoast SEO plugin v27.2 - https:\/\/yoast.com\/product\/yoast-seo-wordpress\/ -->\n<title>Machines CNC pour Usinage de Pr\u00e9cision A\u00e9rospatiale | T.M.L.<\/title>\n<meta name=\"description\" content=\"T.M.L. utilise des centre d\u2019usinage CNC et des tours CNC de pointe avec CAD\u2011CAM pour r\u00e9pondre aux exigences de pr\u00e9cision a\u00e9rospatiale.\" \/>\n<meta name=\"robots\" content=\"index, follow, max-snippet:-1, max-image-preview:large, max-video-preview:-1\" \/>\n<link rel=\"canonical\" href=\"https:\/\/www.tmlaerospace.com\/fr\/la-technologie\/\" \/>\n<meta property=\"og:locale\" content=\"fr_FR\" \/>\n<meta property=\"og:type\" content=\"article\" \/>\n<meta property=\"og:title\" content=\"Machines CNC pour Usinage de Pr\u00e9cision A\u00e9rospatiale | T.M.L.\" \/>\n<meta property=\"og:description\" content=\"T.M.L. utilise des centre d\u2019usinage CNC et des tours CNC de pointe avec CAD\u2011CAM pour r\u00e9pondre aux exigences de pr\u00e9cision a\u00e9rospatiale.\" \/>\n<meta property=\"og:url\" content=\"https:\/\/www.tmlaerospace.com\/fr\/la-technologie\/\" \/>\n<meta property=\"og:site_name\" content=\"TML aerospace\" \/>\n<meta property=\"article:modified_time\" content=\"2025-07-30T10:14:08+00:00\" \/>\n<meta name=\"twitter:card\" content=\"summary_large_image\" \/>\n<meta name=\"twitter:label1\" content=\"Dur\u00e9e de lecture estim\u00e9e\" \/>\n\t<meta name=\"twitter:data1\" content=\"3 minutes\" \/>\n<script type=\"application\/ld+json\" class=\"yoast-schema-graph\">{\"@context\":\"https:\/\/schema.org\",\"@graph\":[{\"@type\":\"WebPage\",\"@id\":\"https:\/\/www.tmlaerospace.com\/fr\/la-technologie\/\",\"url\":\"https:\/\/www.tmlaerospace.com\/fr\/la-technologie\/\",\"name\":\"Machines CNC pour Usinage de Pr\u00e9cision A\u00e9rospatiale | T.M.L.\",\"isPartOf\":{\"@id\":\"https:\/\/www.tmlaerospace.com\/#website\"},\"datePublished\":\"2022-03-25T19:26:26+00:00\",\"dateModified\":\"2025-07-30T10:14:08+00:00\",\"description\":\"T.M.L. utilise des centre d\u2019usinage CNC et des tours CNC de pointe avec CAD\u2011CAM pour r\u00e9pondre aux exigences de pr\u00e9cision a\u00e9rospatiale.\",\"breadcrumb\":{\"@id\":\"https:\/\/www.tmlaerospace.com\/fr\/la-technologie\/#breadcrumb\"},\"inLanguage\":\"fr-FR\",\"potentialAction\":[{\"@type\":\"ReadAction\",\"target\":[\"https:\/\/www.tmlaerospace.com\/fr\/la-technologie\/\"]}]},{\"@type\":\"BreadcrumbList\",\"@id\":\"https:\/\/www.tmlaerospace.com\/fr\/la-technologie\/#breadcrumb\",\"itemListElement\":[{\"@type\":\"ListItem\",\"position\":1,\"name\":\"Home\",\"item\":\"https:\/\/www.tmlaerospace.com\/fr\/\"},{\"@type\":\"ListItem\",\"position\":2,\"name\":\"Technologie\"}]},{\"@type\":\"WebSite\",\"@id\":\"https:\/\/www.tmlaerospace.com\/#website\",\"url\":\"https:\/\/www.tmlaerospace.com\/\",\"name\":\"TML aerospace\",\"description\":\"\",\"potentialAction\":[{\"@type\":\"SearchAction\",\"target\":{\"@type\":\"EntryPoint\",\"urlTemplate\":\"https:\/\/www.tmlaerospace.com\/?s={search_term_string}\"},\"query-input\":{\"@type\":\"PropertyValueSpecification\",\"valueRequired\":true,\"valueName\":\"search_term_string\"}}],\"inLanguage\":\"fr-FR\"}]}<\/script>\n<!-- \/ Yoast SEO plugin. -->","yoast_head_json":{"title":"Machines CNC pour Usinage de Pr\u00e9cision A\u00e9rospatiale | T.M.L.","description":"T.M.L. utilise des centre d\u2019usinage CNC et des tours CNC de pointe avec CAD\u2011CAM pour r\u00e9pondre aux exigences de pr\u00e9cision a\u00e9rospatiale.","robots":{"index":"index","follow":"follow","max-snippet":"max-snippet:-1","max-image-preview":"max-image-preview:large","max-video-preview":"max-video-preview:-1"},"canonical":"https:\/\/www.tmlaerospace.com\/fr\/la-technologie\/","og_locale":"fr_FR","og_type":"article","og_title":"Machines CNC pour Usinage de Pr\u00e9cision A\u00e9rospatiale | T.M.L.","og_description":"T.M.L. utilise des centre d\u2019usinage CNC et des tours CNC de pointe avec CAD\u2011CAM pour r\u00e9pondre aux exigences de pr\u00e9cision a\u00e9rospatiale.","og_url":"https:\/\/www.tmlaerospace.com\/fr\/la-technologie\/","og_site_name":"TML aerospace","article_modified_time":"2025-07-30T10:14:08+00:00","twitter_card":"summary_large_image","twitter_misc":{"Dur\u00e9e de lecture estim\u00e9e":"3 minutes"},"schema":{"@context":"https:\/\/schema.org","@graph":[{"@type":"WebPage","@id":"https:\/\/www.tmlaerospace.com\/fr\/la-technologie\/","url":"https:\/\/www.tmlaerospace.com\/fr\/la-technologie\/","name":"Machines CNC pour Usinage de Pr\u00e9cision A\u00e9rospatiale | T.M.L.","isPartOf":{"@id":"https:\/\/www.tmlaerospace.com\/#website"},"datePublished":"2022-03-25T19:26:26+00:00","dateModified":"2025-07-30T10:14:08+00:00","description":"T.M.L. utilise des centre d\u2019usinage CNC et des tours CNC de pointe avec CAD\u2011CAM pour r\u00e9pondre aux exigences de pr\u00e9cision a\u00e9rospatiale.","breadcrumb":{"@id":"https:\/\/www.tmlaerospace.com\/fr\/la-technologie\/#breadcrumb"},"inLanguage":"fr-FR","potentialAction":[{"@type":"ReadAction","target":["https:\/\/www.tmlaerospace.com\/fr\/la-technologie\/"]}]},{"@type":"BreadcrumbList","@id":"https:\/\/www.tmlaerospace.com\/fr\/la-technologie\/#breadcrumb","itemListElement":[{"@type":"ListItem","position":1,"name":"Home","item":"https:\/\/www.tmlaerospace.com\/fr\/"},{"@type":"ListItem","position":2,"name":"Technologie"}]},{"@type":"WebSite","@id":"https:\/\/www.tmlaerospace.com\/#website","url":"https:\/\/www.tmlaerospace.com\/","name":"TML aerospace","description":"","potentialAction":[{"@type":"SearchAction","target":{"@type":"EntryPoint","urlTemplate":"https:\/\/www.tmlaerospace.com\/?s={search_term_string}"},"query-input":{"@type":"PropertyValueSpecification","valueRequired":true,"valueName":"search_term_string"}}],"inLanguage":"fr-FR"}]}},"_links":{"self":[{"href":"https:\/\/www.tmlaerospace.com\/fr\/wp-json\/wp\/v2\/pages\/1071","targetHints":{"allow":["GET"]}}],"collection":[{"href":"https:\/\/www.tmlaerospace.com\/fr\/wp-json\/wp\/v2\/pages"}],"about":[{"href":"https:\/\/www.tmlaerospace.com\/fr\/wp-json\/wp\/v2\/types\/page"}],"author":[{"embeddable":true,"href":"https:\/\/www.tmlaerospace.com\/fr\/wp-json\/wp\/v2\/users\/1"}],"replies":[{"embeddable":true,"href":"https:\/\/www.tmlaerospace.com\/fr\/wp-json\/wp\/v2\/comments?post=1071"}],"version-history":[{"count":3,"href":"https:\/\/www.tmlaerospace.com\/fr\/wp-json\/wp\/v2\/pages\/1071\/revisions"}],"predecessor-version":[{"id":1148,"href":"https:\/\/www.tmlaerospace.com\/fr\/wp-json\/wp\/v2\/pages\/1071\/revisions\/1148"}],"wp:attachment":[{"href":"https:\/\/www.tmlaerospace.com\/fr\/wp-json\/wp\/v2\/media?parent=1071"}],"curies":[{"name":"wp","href":"https:\/\/api.w.org\/{rel}","templated":true}]}}