{"id":838,"date":"2022-01-19T17:37:37","date_gmt":"2022-01-19T16:37:37","guid":{"rendered":"https:\/\/www.tmlaerospace.com\/?page_id=838"},"modified":"2025-07-30T12:16:20","modified_gmt":"2025-07-30T10:16:20","slug":"productos","status":"publish","type":"page","link":"https:\/\/www.tmlaerospace.com\/es\/productos\/","title":{"rendered":"Productos"},"content":{"rendered":"<p>[et_pb_section bb_built=\u00bb1&#8243; fullwidth=\u00bbon\u00bb specialty=\u00bboff\u00bb next_background_color=\u00bb#ffffff\u00bb _builder_version=\u00bb4.8.1&#8243; background_image=\u00bbhttps:\/\/www.tmlaerospace.com\/wp-content\/uploads\/satellite-67718_1920-e1489575136739.jpg\u00bb box_shadow_horizontal_tablet=\u00bb0px\u00bb box_shadow_vertical_tablet=\u00bb0px\u00bb box_shadow_blur_tablet=\u00bb40px\u00bb box_shadow_spread_tablet=\u00bb0px\u00bb vertical_offset_tablet=\u00bb0&#8243; horizontal_offset_tablet=\u00bb0&#8243;][et_pb_fullwidth_header _builder_version=\u00bb4.8.1&#8243; title=\u00bbProductos\u00bb box_shadow_horizontal_image_tablet=\u00bb0px\u00bb box_shadow_vertical_image_tablet=\u00bb0px\u00bb box_shadow_blur_image_tablet=\u00bb40px\u00bb box_shadow_spread_image_tablet=\u00bb0px\u00bb text_shadow_horizontal_length=\u00bbtext_shadow_style,%91object Object%93&#8243; text_shadow_horizontal_length_tablet=\u00bb0px\u00bb text_shadow_vertical_length=\u00bbtext_shadow_style,%91object Object%93&#8243; text_shadow_vertical_length_tablet=\u00bb0px\u00bb text_shadow_blur_strength=\u00bbtext_shadow_style,%91object Object%93&#8243; text_shadow_blur_strength_tablet=\u00bb1px\u00bb title_text_shadow_horizontal_length=\u00bbtitle_text_shadow_style,%91object Object%93&#8243; title_text_shadow_horizontal_length_tablet=\u00bb0px\u00bb title_text_shadow_vertical_length=\u00bbtitle_text_shadow_style,%91object Object%93&#8243; title_text_shadow_vertical_length_tablet=\u00bb0px\u00bb title_text_shadow_blur_strength=\u00bbtitle_text_shadow_style,%91object Object%93&#8243; title_text_shadow_blur_strength_tablet=\u00bb1px\u00bb content_text_shadow_horizontal_length=\u00bbcontent_text_shadow_style,%91object Object%93&#8243; content_text_shadow_horizontal_length_tablet=\u00bb0px\u00bb content_text_shadow_vertical_length=\u00bbcontent_text_shadow_style,%91object Object%93&#8243; content_text_shadow_vertical_length_tablet=\u00bb0px\u00bb content_text_shadow_blur_strength=\u00bbcontent_text_shadow_style,%91object Object%93&#8243; content_text_shadow_blur_strength_tablet=\u00bb1px\u00bb content_link_text_shadow_horizontal_length=\u00bbcontent_link_text_shadow_style,%91object Object%93&#8243; content_link_text_shadow_horizontal_length_tablet=\u00bb0px\u00bb content_link_text_shadow_vertical_length=\u00bbcontent_link_text_shadow_style,%91object Object%93&#8243; content_link_text_shadow_vertical_length_tablet=\u00bb0px\u00bb content_link_text_shadow_blur_strength=\u00bbcontent_link_text_shadow_style,%91object Object%93&#8243; content_link_text_shadow_blur_strength_tablet=\u00bb1px\u00bb content_ul_text_shadow_horizontal_length=\u00bbcontent_ul_text_shadow_style,%91object Object%93&#8243; content_ul_text_shadow_horizontal_length_tablet=\u00bb0px\u00bb content_ul_text_shadow_vertical_length=\u00bbcontent_ul_text_shadow_style,%91object Object%93&#8243; content_ul_text_shadow_vertical_length_tablet=\u00bb0px\u00bb content_ul_text_shadow_blur_strength=\u00bbcontent_ul_text_shadow_style,%91object Object%93&#8243; content_ul_text_shadow_blur_strength_tablet=\u00bb1px\u00bb content_ol_text_shadow_horizontal_length=\u00bbcontent_ol_text_shadow_style,%91object Object%93&#8243; content_ol_text_shadow_horizontal_length_tablet=\u00bb0px\u00bb content_ol_text_shadow_vertical_length=\u00bbcontent_ol_text_shadow_style,%91object Object%93&#8243; content_ol_text_shadow_vertical_length_tablet=\u00bb0px\u00bb content_ol_text_shadow_blur_strength=\u00bbcontent_ol_text_shadow_style,%91object Object%93&#8243; content_ol_text_shadow_blur_strength_tablet=\u00bb1px\u00bb content_quote_text_shadow_horizontal_length=\u00bbcontent_quote_text_shadow_style,%91object Object%93&#8243; content_quote_text_shadow_horizontal_length_tablet=\u00bb0px\u00bb content_quote_text_shadow_vertical_length=\u00bbcontent_quote_text_shadow_style,%91object Object%93&#8243; content_quote_text_shadow_vertical_length_tablet=\u00bb0px\u00bb content_quote_text_shadow_blur_strength=\u00bbcontent_quote_text_shadow_style,%91object Object%93&#8243; content_quote_text_shadow_blur_strength_tablet=\u00bb1px\u00bb subhead_text_shadow_horizontal_length=\u00bbsubhead_text_shadow_style,%91object Object%93&#8243; subhead_text_shadow_horizontal_length_tablet=\u00bb0px\u00bb subhead_text_shadow_vertical_length=\u00bbsubhead_text_shadow_style,%91object Object%93&#8243; subhead_text_shadow_vertical_length_tablet=\u00bb0px\u00bb subhead_text_shadow_blur_strength=\u00bbsubhead_text_shadow_style,%91object Object%93&#8243; subhead_text_shadow_blur_strength_tablet=\u00bb1px\u00bb button_one_text_shadow_horizontal_length=\u00bbbutton_one_text_shadow_style,%91object Object%93&#8243; button_one_text_shadow_horizontal_length_tablet=\u00bb0px\u00bb button_one_text_shadow_vertical_length=\u00bbbutton_one_text_shadow_style,%91object Object%93&#8243; button_one_text_shadow_vertical_length_tablet=\u00bb0px\u00bb button_one_text_shadow_blur_strength=\u00bbbutton_one_text_shadow_style,%91object Object%93&#8243; button_one_text_shadow_blur_strength_tablet=\u00bb1px\u00bb box_shadow_horizontal_button_one_tablet=\u00bb0px\u00bb box_shadow_vertical_button_one_tablet=\u00bb0px\u00bb box_shadow_blur_button_one_tablet=\u00bb40px\u00bb box_shadow_spread_button_one_tablet=\u00bb0px\u00bb button_two_text_shadow_horizontal_length=\u00bbbutton_two_text_shadow_style,%91object Object%93&#8243; button_two_text_shadow_horizontal_length_tablet=\u00bb0px\u00bb button_two_text_shadow_vertical_length=\u00bbbutton_two_text_shadow_style,%91object Object%93&#8243; button_two_text_shadow_vertical_length_tablet=\u00bb0px\u00bb button_two_text_shadow_blur_strength=\u00bbbutton_two_text_shadow_style,%91object Object%93&#8243; button_two_text_shadow_blur_strength_tablet=\u00bb1px\u00bb box_shadow_horizontal_button_two_tablet=\u00bb0px\u00bb box_shadow_vertical_button_two_tablet=\u00bb0px\u00bb box_shadow_blur_button_two_tablet=\u00bb40px\u00bb box_shadow_spread_button_two_tablet=\u00bb0px\u00bb box_shadow_horizontal_tablet=\u00bb0px\u00bb box_shadow_vertical_tablet=\u00bb0px\u00bb box_shadow_blur_tablet=\u00bb40px\u00bb box_shadow_spread_tablet=\u00bb0px\u00bb vertical_offset_tablet=\u00bb0&#8243; horizontal_offset_tablet=\u00bb0&#8243; z_index_tablet=\u00bb0&#8243; text_orientation=\u00bbright\u00bb \/][\/et_pb_section][et_pb_section bb_built=\u00bb1&#8243; prev_background_color=\u00bb#000000&#8243; inner_width=\u00bb90%\u00bb inner_max_width=\u00bb1200px\u00bb][et_pb_row][et_pb_column type=\u00bb4_4&#8243; custom_padding__hover=\u00bb|||\u00bb custom_padding=\u00bb|||\u00bb][et_pb_text _builder_version=\u00bb4.8.1&#8243; text_text_shadow_horizontal_length=\u00bbtext_text_shadow_style,%91object Object%93&#8243; text_text_shadow_horizontal_length_tablet=\u00bb0px\u00bb text_text_shadow_vertical_length=\u00bbtext_text_shadow_style,%91object Object%93&#8243; text_text_shadow_vertical_length_tablet=\u00bb0px\u00bb text_text_shadow_blur_strength=\u00bbtext_text_shadow_style,%91object Object%93&#8243; text_text_shadow_blur_strength_tablet=\u00bb1px\u00bb link_text_shadow_horizontal_length=\u00bblink_text_shadow_style,%91object Object%93&#8243; link_text_shadow_horizontal_length_tablet=\u00bb0px\u00bb link_text_shadow_vertical_length=\u00bblink_text_shadow_style,%91object Object%93&#8243; link_text_shadow_vertical_length_tablet=\u00bb0px\u00bb link_text_shadow_blur_strength=\u00bblink_text_shadow_style,%91object Object%93&#8243; link_text_shadow_blur_strength_tablet=\u00bb1px\u00bb ul_text_shadow_horizontal_length=\u00bbul_text_shadow_style,%91object Object%93&#8243; ul_text_shadow_horizontal_length_tablet=\u00bb0px\u00bb ul_text_shadow_vertical_length=\u00bbul_text_shadow_style,%91object Object%93&#8243; ul_text_shadow_vertical_length_tablet=\u00bb0px\u00bb ul_text_shadow_blur_strength=\u00bbul_text_shadow_style,%91object Object%93&#8243; ul_text_shadow_blur_strength_tablet=\u00bb1px\u00bb ol_text_shadow_horizontal_length=\u00bbol_text_shadow_style,%91object Object%93&#8243; ol_text_shadow_horizontal_length_tablet=\u00bb0px\u00bb ol_text_shadow_vertical_length=\u00bbol_text_shadow_style,%91object Object%93&#8243; ol_text_shadow_vertical_length_tablet=\u00bb0px\u00bb ol_text_shadow_blur_strength=\u00bbol_text_shadow_style,%91object Object%93&#8243; ol_text_shadow_blur_strength_tablet=\u00bb1px\u00bb quote_text_shadow_horizontal_length=\u00bbquote_text_shadow_style,%91object Object%93&#8243; quote_text_shadow_horizontal_length_tablet=\u00bb0px\u00bb quote_text_shadow_vertical_length=\u00bbquote_text_shadow_style,%91object Object%93&#8243; quote_text_shadow_vertical_length_tablet=\u00bb0px\u00bb quote_text_shadow_blur_strength=\u00bbquote_text_shadow_style,%91object Object%93&#8243; quote_text_shadow_blur_strength_tablet=\u00bb1px\u00bb header_text_shadow_horizontal_length=\u00bbheader_text_shadow_style,%91object Object%93&#8243; header_text_shadow_horizontal_length_tablet=\u00bb0px\u00bb header_text_shadow_vertical_length=\u00bbheader_text_shadow_style,%91object Object%93&#8243; header_text_shadow_vertical_length_tablet=\u00bb0px\u00bb header_text_shadow_blur_strength=\u00bbheader_text_shadow_style,%91object Object%93&#8243; header_text_shadow_blur_strength_tablet=\u00bb1px\u00bb header_2_text_shadow_horizontal_length=\u00bbheader_2_text_shadow_style,%91object Object%93&#8243; header_2_text_shadow_horizontal_length_tablet=\u00bb0px\u00bb header_2_text_shadow_vertical_length=\u00bbheader_2_text_shadow_style,%91object Object%93&#8243; header_2_text_shadow_vertical_length_tablet=\u00bb0px\u00bb header_2_text_shadow_blur_strength=\u00bbheader_2_text_shadow_style,%91object Object%93&#8243; header_2_text_shadow_blur_strength_tablet=\u00bb1px\u00bb header_3_text_shadow_horizontal_length=\u00bbheader_3_text_shadow_style,%91object Object%93&#8243; header_3_text_shadow_horizontal_length_tablet=\u00bb0px\u00bb header_3_text_shadow_vertical_length=\u00bbheader_3_text_shadow_style,%91object Object%93&#8243; header_3_text_shadow_vertical_length_tablet=\u00bb0px\u00bb header_3_text_shadow_blur_strength=\u00bbheader_3_text_shadow_style,%91object Object%93&#8243; header_3_text_shadow_blur_strength_tablet=\u00bb1px\u00bb header_4_text_shadow_horizontal_length=\u00bbheader_4_text_shadow_style,%91object Object%93&#8243; header_4_text_shadow_horizontal_length_tablet=\u00bb0px\u00bb header_4_text_shadow_vertical_length=\u00bbheader_4_text_shadow_style,%91object Object%93&#8243; header_4_text_shadow_vertical_length_tablet=\u00bb0px\u00bb header_4_text_shadow_blur_strength=\u00bbheader_4_text_shadow_style,%91object Object%93&#8243; header_4_text_shadow_blur_strength_tablet=\u00bb1px\u00bb header_5_text_shadow_horizontal_length=\u00bbheader_5_text_shadow_style,%91object Object%93&#8243; header_5_text_shadow_horizontal_length_tablet=\u00bb0px\u00bb header_5_text_shadow_vertical_length=\u00bbheader_5_text_shadow_style,%91object Object%93&#8243; header_5_text_shadow_vertical_length_tablet=\u00bb0px\u00bb header_5_text_shadow_blur_strength=\u00bbheader_5_text_shadow_style,%91object Object%93&#8243; header_5_text_shadow_blur_strength_tablet=\u00bb1px\u00bb header_6_text_shadow_horizontal_length=\u00bbheader_6_text_shadow_style,%91object Object%93&#8243; header_6_text_shadow_horizontal_length_tablet=\u00bb0px\u00bb header_6_text_shadow_vertical_length=\u00bbheader_6_text_shadow_style,%91object Object%93&#8243; header_6_text_shadow_vertical_length_tablet=\u00bb0px\u00bb header_6_text_shadow_blur_strength=\u00bbheader_6_text_shadow_style,%91object Object%93&#8243; header_6_text_shadow_blur_strength_tablet=\u00bb1px\u00bb box_shadow_horizontal_tablet=\u00bb0px\u00bb box_shadow_vertical_tablet=\u00bb0px\u00bb box_shadow_blur_tablet=\u00bb40px\u00bb box_shadow_spread_tablet=\u00bb0px\u00bb vertical_offset_tablet=\u00bb0&#8243; horizontal_offset_tablet=\u00bb0&#8243; z_index_tablet=\u00bb0&#8243;]<\/p>\n<p>En la industria Aeroespacial, nos especializamos en la producci\u00f3n de elementos de fijaci\u00f3n y pernos (tornillos, arandelas, casquillos, bridas, arandelas, juntas, asientos de cojinetes, etc.) y componentes de tama\u00f1o peque\u00f1o-mediano mecanizados tanto en tornos de m\u00faltiples ejes controlados como en centros mecanizados. Somos capaces de trabajar piezas de barra y piezas fundidas.<\/p>\n<p>T.M.L. es capaz de gestionar y controlar todo el proceso productivo, desde la adquisici\u00f3n de materias primas, de proveedores calificados, hasta la entrega del producto terminado.<\/p>\n<p>Todos nuestros procesos est\u00e1n calificados por clientes Aeron\u00e1uticos e incluyen la colaboraci\u00f3n con varios subproveedores de tratamientos t\u00e9rmicos y superficiales (cromado, cromatizado, oxidaci\u00f3n an\u00f3dica, cadmio, etc.).<\/p>\n<p>T.M.L. se especializa en la producci\u00f3n de torniller\u00eda y pernos (tornillos, arandelas, casquillos, bridas, arandelas, juntas, asientos de cojinetes) y componentes de peque\u00f1o y mediano tama\u00f1o para el sector Aeroespacial.<\/p>\n<p>T.M.L. es capaz de gestionar y controlar todo el proceso productivo, desde la adquisici\u00f3n de materias primas, de proveedores calificados, hasta la entrega del producto terminado.<\/p>\n<p>Todos los procesos est\u00e1n calificados por clientes del sector Aeron\u00e1utico e incluyen la colaboraci\u00f3n con diversos subproveedores de tratamientos t\u00e9rmicos y superficiales (cromado, cromatizado, oxidaci\u00f3n an\u00f3dica).<\/p>\n<p>[\/et_pb_text][et_pb_gallery _builder_version=\u00bb4.8.1&#8243; posts_number=\u00bb20&#8243; hover_overlay_color=\u00bbrgba(255,255,255,0.9)\u00bb box_shadow_horizontal_image_tablet=\u00bb0px\u00bb box_shadow_vertical_image_tablet=\u00bb0px\u00bb box_shadow_blur_image_tablet=\u00bb40px\u00bb box_shadow_spread_image_tablet=\u00bb0px\u00bb text_shadow_horizontal_length=\u00bbtext_shadow_style,%91object Object%93&#8243; text_shadow_horizontal_length_tablet=\u00bb0px\u00bb text_shadow_vertical_length=\u00bbtext_shadow_style,%91object Object%93&#8243; text_shadow_vertical_length_tablet=\u00bb0px\u00bb text_shadow_blur_strength=\u00bbtext_shadow_style,%91object Object%93&#8243; text_shadow_blur_strength_tablet=\u00bb1px\u00bb title_text_shadow_horizontal_length=\u00bbtitle_text_shadow_style,%91object Object%93&#8243; title_text_shadow_horizontal_length_tablet=\u00bb0px\u00bb title_text_shadow_vertical_length=\u00bbtitle_text_shadow_style,%91object Object%93&#8243; title_text_shadow_vertical_length_tablet=\u00bb0px\u00bb title_text_shadow_blur_strength=\u00bbtitle_text_shadow_style,%91object Object%93&#8243; title_text_shadow_blur_strength_tablet=\u00bb1px\u00bb caption_text_shadow_horizontal_length=\u00bbcaption_text_shadow_style,%91object Object%93&#8243; caption_text_shadow_horizontal_length_tablet=\u00bb0px\u00bb caption_text_shadow_vertical_length=\u00bbcaption_text_shadow_style,%91object Object%93&#8243; caption_text_shadow_vertical_length_tablet=\u00bb0px\u00bb caption_text_shadow_blur_strength=\u00bbcaption_text_shadow_style,%91object Object%93&#8243; caption_text_shadow_blur_strength_tablet=\u00bb1px\u00bb pagination_text_shadow_horizontal_length=\u00bbpagination_text_shadow_style,%91object Object%93&#8243; pagination_text_shadow_horizontal_length_tablet=\u00bb0px\u00bb pagination_text_shadow_vertical_length=\u00bbpagination_text_shadow_style,%91object Object%93&#8243; pagination_text_shadow_vertical_length_tablet=\u00bb0px\u00bb pagination_text_shadow_blur_strength=\u00bbpagination_text_shadow_style,%91object Object%93&#8243; pagination_text_shadow_blur_strength_tablet=\u00bb1px\u00bb box_shadow_horizontal_tablet=\u00bb0px\u00bb box_shadow_vertical_tablet=\u00bb0px\u00bb box_shadow_blur_tablet=\u00bb40px\u00bb box_shadow_spread_tablet=\u00bb0px\u00bb vertical_offset_tablet=\u00bb0&#8243; horizontal_offset_tablet=\u00bb0&#8243; z_index_tablet=\u00bb0&#8243; gallery_ids=\u00bb840,844,848,852,856,860,864,868,872,876,880,884,888,892,896,900,904,908,912,916&#8243; show_title_and_caption=\u00bboff\u00bb \/][\/et_pb_column][\/et_pb_row][\/et_pb_section]<\/p>\n","protected":false},"excerpt":{"rendered":"<p><div class=\"et_pb_row et_pb_row_0 et_pb_row_empty\">\n\t\t\t\t\n\t\t\t\t\n\t\t\t\t\n\t\t\t\t\n\t\t\t\t\n\t\t\t<\/div> En la industria Aeroespacial, nos especializamos en la producci\u00f3n de elementos de fijaci\u00f3n y pernos (tornillos, arandelas, casquillos, bridas, arandelas, juntas, asientos de cojinetes, etc.) y componentes de tama\u00f1o peque\u00f1o-mediano mecanizados tanto en tornos de m\u00faltiples ejes controlados como en centros mecanizados. Somos capaces de trabajar piezas de barra y piezas fundidas. T.M.L. es [&hellip;]<\/p>\n","protected":false},"author":1,"featured_media":0,"parent":0,"menu_order":0,"comment_status":"closed","ping_status":"closed","template":"","meta":{"_et_pb_use_builder":"on","_et_pb_old_content":"","_et_gb_content_width":"","footnotes":""},"class_list":["post-838","page","type-page","status-publish","hentry"],"yoast_head":"<!-- This site is optimized with the Yoast SEO plugin v27.2 - https:\/\/yoast.com\/product\/yoast-seo-wordpress\/ -->\n<title>Componentes Mec\u00e1nicos Aeron\u00e1uticos a Medida | T.M.L.<\/title>\n<meta name=\"description\" content=\"T.M.L. fabrica componentes mec\u00e1nicos a medida\u2014tornillos, bridas, bujes\u2014desde barras o fundiciones, control total del proceso.\" \/>\n<meta name=\"robots\" content=\"index, follow, max-snippet:-1, max-image-preview:large, max-video-preview:-1\" \/>\n<link rel=\"canonical\" href=\"https:\/\/www.tmlaerospace.com\/es\/productos\/\" \/>\n<meta property=\"og:locale\" content=\"es_ES\" \/>\n<meta property=\"og:type\" content=\"article\" \/>\n<meta property=\"og:title\" content=\"Componentes Mec\u00e1nicos Aeron\u00e1uticos a Medida | T.M.L.\" \/>\n<meta property=\"og:description\" content=\"T.M.L. fabrica componentes mec\u00e1nicos a medida\u2014tornillos, bridas, bujes\u2014desde barras o fundiciones, control total del proceso.\" \/>\n<meta property=\"og:url\" content=\"https:\/\/www.tmlaerospace.com\/es\/productos\/\" \/>\n<meta property=\"og:site_name\" content=\"TML aerospace\" \/>\n<meta property=\"article:modified_time\" content=\"2025-07-30T10:16:20+00:00\" \/>\n<meta name=\"twitter:card\" content=\"summary_large_image\" \/>\n<meta name=\"twitter:label1\" content=\"Tiempo de lectura\" \/>\n\t<meta name=\"twitter:data1\" content=\"5 minutos\" \/>\n<script type=\"application\/ld+json\" class=\"yoast-schema-graph\">{\"@context\":\"https:\/\/schema.org\",\"@graph\":[{\"@type\":\"WebPage\",\"@id\":\"https:\/\/www.tmlaerospace.com\/es\/productos\/\",\"url\":\"https:\/\/www.tmlaerospace.com\/es\/productos\/\",\"name\":\"Componentes Mec\u00e1nicos Aeron\u00e1uticos a Medida | T.M.L.\",\"isPartOf\":{\"@id\":\"https:\/\/www.tmlaerospace.com\/#website\"},\"datePublished\":\"2022-01-19T16:37:37+00:00\",\"dateModified\":\"2025-07-30T10:16:20+00:00\",\"description\":\"T.M.L. fabrica componentes mec\u00e1nicos a medida\u2014tornillos, bridas, bujes\u2014desde barras o fundiciones, control total del proceso.\",\"breadcrumb\":{\"@id\":\"https:\/\/www.tmlaerospace.com\/es\/productos\/#breadcrumb\"},\"inLanguage\":\"es\",\"potentialAction\":[{\"@type\":\"ReadAction\",\"target\":[\"https:\/\/www.tmlaerospace.com\/es\/productos\/\"]}]},{\"@type\":\"BreadcrumbList\",\"@id\":\"https:\/\/www.tmlaerospace.com\/es\/productos\/#breadcrumb\",\"itemListElement\":[{\"@type\":\"ListItem\",\"position\":1,\"name\":\"Home\",\"item\":\"https:\/\/www.tmlaerospace.com\/es\/\"},{\"@type\":\"ListItem\",\"position\":2,\"name\":\"Productos\"}]},{\"@type\":\"WebSite\",\"@id\":\"https:\/\/www.tmlaerospace.com\/#website\",\"url\":\"https:\/\/www.tmlaerospace.com\/\",\"name\":\"TML aerospace\",\"description\":\"\",\"potentialAction\":[{\"@type\":\"SearchAction\",\"target\":{\"@type\":\"EntryPoint\",\"urlTemplate\":\"https:\/\/www.tmlaerospace.com\/?s={search_term_string}\"},\"query-input\":{\"@type\":\"PropertyValueSpecification\",\"valueRequired\":true,\"valueName\":\"search_term_string\"}}],\"inLanguage\":\"es\"}]}<\/script>\n<!-- \/ Yoast SEO plugin. -->","yoast_head_json":{"title":"Componentes Mec\u00e1nicos Aeron\u00e1uticos a Medida | T.M.L.","description":"T.M.L. fabrica componentes mec\u00e1nicos a medida\u2014tornillos, bridas, bujes\u2014desde barras o fundiciones, control total del proceso.","robots":{"index":"index","follow":"follow","max-snippet":"max-snippet:-1","max-image-preview":"max-image-preview:large","max-video-preview":"max-video-preview:-1"},"canonical":"https:\/\/www.tmlaerospace.com\/es\/productos\/","og_locale":"es_ES","og_type":"article","og_title":"Componentes Mec\u00e1nicos Aeron\u00e1uticos a Medida | T.M.L.","og_description":"T.M.L. fabrica componentes mec\u00e1nicos a medida\u2014tornillos, bridas, bujes\u2014desde barras o fundiciones, control total del proceso.","og_url":"https:\/\/www.tmlaerospace.com\/es\/productos\/","og_site_name":"TML aerospace","article_modified_time":"2025-07-30T10:16:20+00:00","twitter_card":"summary_large_image","twitter_misc":{"Tiempo de lectura":"5 minutos"},"schema":{"@context":"https:\/\/schema.org","@graph":[{"@type":"WebPage","@id":"https:\/\/www.tmlaerospace.com\/es\/productos\/","url":"https:\/\/www.tmlaerospace.com\/es\/productos\/","name":"Componentes Mec\u00e1nicos Aeron\u00e1uticos a Medida | T.M.L.","isPartOf":{"@id":"https:\/\/www.tmlaerospace.com\/#website"},"datePublished":"2022-01-19T16:37:37+00:00","dateModified":"2025-07-30T10:16:20+00:00","description":"T.M.L. fabrica componentes mec\u00e1nicos a medida\u2014tornillos, bridas, bujes\u2014desde barras o fundiciones, control total del proceso.","breadcrumb":{"@id":"https:\/\/www.tmlaerospace.com\/es\/productos\/#breadcrumb"},"inLanguage":"es","potentialAction":[{"@type":"ReadAction","target":["https:\/\/www.tmlaerospace.com\/es\/productos\/"]}]},{"@type":"BreadcrumbList","@id":"https:\/\/www.tmlaerospace.com\/es\/productos\/#breadcrumb","itemListElement":[{"@type":"ListItem","position":1,"name":"Home","item":"https:\/\/www.tmlaerospace.com\/es\/"},{"@type":"ListItem","position":2,"name":"Productos"}]},{"@type":"WebSite","@id":"https:\/\/www.tmlaerospace.com\/#website","url":"https:\/\/www.tmlaerospace.com\/","name":"TML aerospace","description":"","potentialAction":[{"@type":"SearchAction","target":{"@type":"EntryPoint","urlTemplate":"https:\/\/www.tmlaerospace.com\/?s={search_term_string}"},"query-input":{"@type":"PropertyValueSpecification","valueRequired":true,"valueName":"search_term_string"}}],"inLanguage":"es"}]}},"_links":{"self":[{"href":"https:\/\/www.tmlaerospace.com\/es\/wp-json\/wp\/v2\/pages\/838","targetHints":{"allow":["GET"]}}],"collection":[{"href":"https:\/\/www.tmlaerospace.com\/es\/wp-json\/wp\/v2\/pages"}],"about":[{"href":"https:\/\/www.tmlaerospace.com\/es\/wp-json\/wp\/v2\/types\/page"}],"author":[{"embeddable":true,"href":"https:\/\/www.tmlaerospace.com\/es\/wp-json\/wp\/v2\/users\/1"}],"replies":[{"embeddable":true,"href":"https:\/\/www.tmlaerospace.com\/es\/wp-json\/wp\/v2\/comments?post=838"}],"version-history":[{"count":4,"href":"https:\/\/www.tmlaerospace.com\/es\/wp-json\/wp\/v2\/pages\/838\/revisions"}],"predecessor-version":[{"id":979,"href":"https:\/\/www.tmlaerospace.com\/es\/wp-json\/wp\/v2\/pages\/838\/revisions\/979"}],"wp:attachment":[{"href":"https:\/\/www.tmlaerospace.com\/es\/wp-json\/wp\/v2\/media?parent=838"}],"curies":[{"name":"wp","href":"https:\/\/api.w.org\/{rel}","templated":true}]}}